{"id":3329,"date":"2025-12-01T19:05:34","date_gmt":"2025-12-01T19:05:34","guid":{"rendered":"https:\/\/www.alfadu-amusement.com\/?post_type=product&#038;p=3329"},"modified":"2025-12-01T19:05:34","modified_gmt":"2025-12-01T19:05:34","slug":"train-de-lutte-contre-lincendie","status":"publish","type":"product","link":"https:\/\/www.alfadu-amusement.com\/?product=train-de-lutte-contre-lincendie&lang=fr","title":{"rendered":"Train de lutte contre l&rsquo;incendie"},"content":{"rendered":"<table border=\"0\" width=\"100%\" cellspacing=\"0\" cellpadding=\"0\">\n<tbody>\n<tr>\n<td>Capacit\u00e9<\/td>\n<td>12<\/td>\n<\/tr>\n<tr>\n<td>Dimension<\/td>\n<td>8*12m<\/td>\n<\/tr>\n<tr>\n<td>Puissance<\/td>\n<td>4.5KW<\/td>\n<\/tr>\n<tr>\n<td>Voltage<\/td>\n<td>380V 50Hz<\/td>\n<\/tr>\n<tr>\n<td>Poids<\/td>\n<td>1.5t<\/td>\n<\/tr>\n<\/tbody>\n<\/table>\n","protected":false},"excerpt":{"rendered":"<div id=\"index_1\" class=\"boxtit padtop\"><strong>Description<\/strong><br \/>\nLes wagons color\u00e9s sont reli\u00e9s entre eux et se d\u00e9placent le long des rails lorsque les passagers sont d\u00e9j\u00e0 \u00e0 bord, accompagn\u00e9s de musique, ce que les enfants adorent.<\/div>\n","protected":false},"featured_media":2160,"template":"","meta":[],"product_brand":[],"product_cat":[240,279],"product_tag":[],"class_list":{"0":"post-3329","1":"product","2":"type-product","3":"status-publish","4":"has-post-thumbnail","6":"product_cat-manege-familial","7":"product_cat-train-en-fr","9":"first","10":"instock","11":"shipping-taxable","12":"product-type-simple"},"_links":{"self":[{"href":"https:\/\/www.alfadu-amusement.com\/index.php?rest_route=\/wp\/v2\/product\/3329","targetHints":{"allow":["GET"]}}],"collection":[{"href":"https:\/\/www.alfadu-amusement.com\/index.php?rest_route=\/wp\/v2\/product"}],"about":[{"href":"https:\/\/www.alfadu-amusement.com\/index.php?rest_route=\/wp\/v2\/types\/product"}],"wp:featuredmedia":[{"embeddable":true,"href":"https:\/\/www.alfadu-amusement.com\/index.php?rest_route=\/wp\/v2\/media\/2160"}],"wp:attachment":[{"href":"https:\/\/www.alfadu-amusement.com\/index.php?rest_route=%2Fwp%2Fv2%2Fmedia&parent=3329"}],"wp:term":[{"taxonomy":"product_brand","embeddable":true,"href":"https:\/\/www.alfadu-amusement.com\/index.php?rest_route=%2Fwp%2Fv2%2Fproduct_brand&post=3329"},{"taxonomy":"product_cat","embeddable":true,"href":"https:\/\/www.alfadu-amusement.com\/index.php?rest_route=%2Fwp%2Fv2%2Fproduct_cat&post=3329"},{"taxonomy":"product_tag","embeddable":true,"href":"https:\/\/www.alfadu-amusement.com\/index.php?rest_route=%2Fwp%2Fv2%2Fproduct_tag&post=3329"}],"curies":[{"name":"wp","href":"https:\/\/api.w.org\/{rel}","templated":true}]}}