{"id":3331,"date":"2025-12-01T19:19:03","date_gmt":"2025-12-01T19:19:03","guid":{"rendered":"https:\/\/www.alfadu-amusement.com\/?post_type=product&#038;p=3331"},"modified":"2025-12-01T19:26:49","modified_gmt":"2025-12-01T19:26:49","slug":"mini-train","status":"publish","type":"product","link":"https:\/\/www.alfadu-amusement.com\/?product=mini-train&lang=fr","title":{"rendered":"Mini Train"},"content":{"rendered":"<table border=\"0\" cellspacing=\"0\" cellpadding=\"0\">\n<tbody>\n<tr>\n<td>voltage<\/td>\n<td>AC220V \u00b1 10% 50Hz 3N+PE<\/td>\n<\/tr>\n<tr>\n<td>Puissance<\/td>\n<td>1KW<\/td>\n<\/tr>\n<tr>\n<td>Voltage Eclairage<\/td>\n<td>DC 24V<\/td>\n<\/tr>\n<tr>\n<td>Vitesse Minimum<\/td>\n<td>0.66m\/s<\/td>\n<\/tr>\n<tr>\n<td>Capacit\u00e9<\/td>\n<td>\n<div>5 Personnes<\/div>\n<\/td>\n<\/tr>\n<tr>\n<td>Poids autoris\u00e9<\/td>\n<td>200kg (5 personne X40Kg\/personne)<\/td>\n<\/tr>\n<tr>\n<td>Area<\/td>\n<td>6.4*5.2m (y compris la cl\u00f4ture)<\/td>\n<\/tr>\n<tr>\n<td>Hauteur<\/td>\n<td>2.6m<\/td>\n<\/tr>\n<\/tbody>\n<\/table>\n","protected":false},"excerpt":{"rendered":"<div id=\"index_1\" class=\"boxtit padtop\"><strong>Description<\/strong><\/p>\n<p>Le train sur rails pour enfants est un \u00e9quipement de loisirs classique con\u00e7u sp\u00e9cialement pour les enfants, largement utilis\u00e9 dans les parcs, les parcs d&rsquo;attractions, les centres commerciaux et les centres d&rsquo;activit\u00e9s communautaires. Il pr\u00e9sente non seulement un design mignon et un fonctionnement s\u00fbr, mais offre aussi aux enfants le plaisir et l&rsquo;exp\u00e9rience de conduite en simulant un vrai voyage en train.<\/p><\/div>\n","protected":false},"featured_media":2152,"template":"","meta":[],"product_brand":[],"product_cat":[240,279],"product_tag":[],"class_list":{"0":"post-3331","1":"product","2":"type-product","3":"status-publish","4":"has-post-thumbnail","6":"product_cat-manege-familial","7":"product_cat-train-en-fr","9":"first","10":"instock","11":"shipping-taxable","12":"product-type-simple"},"_links":{"self":[{"href":"https:\/\/www.alfadu-amusement.com\/index.php?rest_route=\/wp\/v2\/product\/3331","targetHints":{"allow":["GET"]}}],"collection":[{"href":"https:\/\/www.alfadu-amusement.com\/index.php?rest_route=\/wp\/v2\/product"}],"about":[{"href":"https:\/\/www.alfadu-amusement.com\/index.php?rest_route=\/wp\/v2\/types\/product"}],"wp:featuredmedia":[{"embeddable":true,"href":"https:\/\/www.alfadu-amusement.com\/index.php?rest_route=\/wp\/v2\/media\/2152"}],"wp:attachment":[{"href":"https:\/\/www.alfadu-amusement.com\/index.php?rest_route=%2Fwp%2Fv2%2Fmedia&parent=3331"}],"wp:term":[{"taxonomy":"product_brand","embeddable":true,"href":"https:\/\/www.alfadu-amusement.com\/index.php?rest_route=%2Fwp%2Fv2%2Fproduct_brand&post=3331"},{"taxonomy":"product_cat","embeddable":true,"href":"https:\/\/www.alfadu-amusement.com\/index.php?rest_route=%2Fwp%2Fv2%2Fproduct_cat&post=3331"},{"taxonomy":"product_tag","embeddable":true,"href":"https:\/\/www.alfadu-amusement.com\/index.php?rest_route=%2Fwp%2Fv2%2Fproduct_tag&post=3331"}],"curies":[{"name":"wp","href":"https:\/\/api.w.org\/{rel}","templated":true}]}}