{"id":3399,"date":"2025-12-09T12:45:21","date_gmt":"2025-12-09T12:45:21","guid":{"rendered":"https:\/\/www.alfadu-amusement.com\/?post_type=product&#038;p=3399"},"modified":"2025-12-09T12:47:53","modified_gmt":"2025-12-09T12:47:53","slug":"ferris-wheel-alarm-clock","status":"publish","type":"product","link":"https:\/\/www.alfadu-amusement.com\/?product=ferris-wheel-alarm-clock&lang=fr","title":{"rendered":"Ferris Wheel Alarm Clock"},"content":{"rendered":"<p>R\u00e9veil miniature sur le th\u00e8me de la grande roue : Le centre de la grande roue arbore un grand cadran d&rsquo;horloge saisissant (d\u00e9cor\u00e9 de chiffres ludiques), tandis que les cabines en forme d&rsquo;ampoule (aux couleurs vives rose, bleu, vert et jaune) ressemblent \u00e0 des cadrans d&rsquo;horloge joyeux.<\/p>\n<table class=\"table table-bordered table-hover\">\n<tbody>\n<tr>\n<td><strong>Hauteur<\/strong><\/td>\n<td>12m<\/td>\n<\/tr>\n<tr>\n<td><strong>Cabines<\/strong><\/td>\n<td>10<\/td>\n<\/tr>\n<tr>\n<td><strong>Dimension<\/strong><\/td>\n<td>12*6m<\/td>\n<\/tr>\n<tr>\n<td><strong>Capacit\u00e9<\/strong><\/td>\n<td>30<\/td>\n<\/tr>\n<\/tbody>\n<\/table>\n","protected":false},"excerpt":{"rendered":"<p><strong>\u00a0 la grande roue \u00a0th\u00e8me R\u00e9veil<\/strong> : Le centre de la grande roue arbore un grand cadran d&rsquo;horloge saisissant (d\u00e9cor\u00e9 de chiffres ludiques), tandis que les cabines en forme d&rsquo;ampoule (aux couleurs vives rose, bleu, vert et jaune) ressemblent \u00e0 des cadrans d&rsquo;horloge joyeux.<\/p>\n","protected":false},"featured_media":3396,"template":"","meta":[],"product_brand":[],"product_cat":[244,240],"product_tag":[],"class_list":{"0":"post-3399","1":"product","2":"type-product","3":"status-publish","4":"has-post-thumbnail","6":"product_cat-grande-roue-panoramique","7":"product_cat-manege-familial","9":"first","10":"instock","11":"shipping-taxable","12":"product-type-simple"},"_links":{"self":[{"href":"https:\/\/www.alfadu-amusement.com\/index.php?rest_route=\/wp\/v2\/product\/3399","targetHints":{"allow":["GET"]}}],"collection":[{"href":"https:\/\/www.alfadu-amusement.com\/index.php?rest_route=\/wp\/v2\/product"}],"about":[{"href":"https:\/\/www.alfadu-amusement.com\/index.php?rest_route=\/wp\/v2\/types\/product"}],"wp:featuredmedia":[{"embeddable":true,"href":"https:\/\/www.alfadu-amusement.com\/index.php?rest_route=\/wp\/v2\/media\/3396"}],"wp:attachment":[{"href":"https:\/\/www.alfadu-amusement.com\/index.php?rest_route=%2Fwp%2Fv2%2Fmedia&parent=3399"}],"wp:term":[{"taxonomy":"product_brand","embeddable":true,"href":"https:\/\/www.alfadu-amusement.com\/index.php?rest_route=%2Fwp%2Fv2%2Fproduct_brand&post=3399"},{"taxonomy":"product_cat","embeddable":true,"href":"https:\/\/www.alfadu-amusement.com\/index.php?rest_route=%2Fwp%2Fv2%2Fproduct_cat&post=3399"},{"taxonomy":"product_tag","embeddable":true,"href":"https:\/\/www.alfadu-amusement.com\/index.php?rest_route=%2Fwp%2Fv2%2Fproduct_tag&post=3399"}],"curies":[{"name":"wp","href":"https:\/\/api.w.org\/{rel}","templated":true}]}}