{"id":3410,"date":"2025-12-09T13:23:58","date_gmt":"2025-12-09T13:23:58","guid":{"rendered":"https:\/\/www.alfadu-amusement.com\/?post_type=product&#038;p=3410"},"modified":"2025-12-09T13:42:15","modified_gmt":"2025-12-09T13:42:15","slug":"grand-roue-30m","status":"publish","type":"product","link":"https:\/\/www.alfadu-amusement.com\/?product=grand-roue-30m&lang=fr","title":{"rendered":"Grand Roue 30m"},"content":{"rendered":"<table class=\"table table-bordered table-hover\">\n<tbody>\n<tr>\n<td><strong>Hauteur<\/strong><\/td>\n<td>30m<\/td>\n<\/tr>\n<tr>\n<td><strong>Voltage<\/strong><\/td>\n<td>380V<\/td>\n<\/tr>\n<tr>\n<td><strong>Nombre de Cabine<\/strong><\/td>\n<td>20pcs<\/td>\n<\/tr>\n<tr>\n<td><strong>Puissance<\/strong><\/td>\n<td>11kw<\/td>\n<\/tr>\n<tr>\n<td><strong>Capacit\u00e9<\/strong><\/td>\n<td>80<\/td>\n<\/tr>\n<\/tbody>\n<\/table>\n","protected":false},"excerpt":{"rendered":"<p>Une grande roue en forme de panier de fleurs de 30 m\u00e8tres de hauteur est une attraction g\u00e9ante mesurant 30 m\u00e8tres. Elle se distingue par un design unique inspir\u00e9 d\u2019un panier de fleurs. Les passagers prennent place dans des nacelles en forme de paniers et profitent d\u2019une rotation lente et circulaire, offrant une vue panoramique sur les alentours. Elle allie le charme traditionnel d\u2019une grande roue \u00e0 une esth\u00e9tique d\u00e9corative et florale.<\/p>\n","protected":false},"featured_media":3407,"template":"","meta":[],"product_brand":[],"product_cat":[244,240],"product_tag":[],"class_list":{"0":"post-3410","1":"product","2":"type-product","3":"status-publish","4":"has-post-thumbnail","6":"product_cat-grande-roue-panoramique","7":"product_cat-manege-familial","9":"first","10":"instock","11":"shipping-taxable","12":"product-type-simple"},"_links":{"self":[{"href":"https:\/\/www.alfadu-amusement.com\/index.php?rest_route=\/wp\/v2\/product\/3410","targetHints":{"allow":["GET"]}}],"collection":[{"href":"https:\/\/www.alfadu-amusement.com\/index.php?rest_route=\/wp\/v2\/product"}],"about":[{"href":"https:\/\/www.alfadu-amusement.com\/index.php?rest_route=\/wp\/v2\/types\/product"}],"wp:featuredmedia":[{"embeddable":true,"href":"https:\/\/www.alfadu-amusement.com\/index.php?rest_route=\/wp\/v2\/media\/3407"}],"wp:attachment":[{"href":"https:\/\/www.alfadu-amusement.com\/index.php?rest_route=%2Fwp%2Fv2%2Fmedia&parent=3410"}],"wp:term":[{"taxonomy":"product_brand","embeddable":true,"href":"https:\/\/www.alfadu-amusement.com\/index.php?rest_route=%2Fwp%2Fv2%2Fproduct_brand&post=3410"},{"taxonomy":"product_cat","embeddable":true,"href":"https:\/\/www.alfadu-amusement.com\/index.php?rest_route=%2Fwp%2Fv2%2Fproduct_cat&post=3410"},{"taxonomy":"product_tag","embeddable":true,"href":"https:\/\/www.alfadu-amusement.com\/index.php?rest_route=%2Fwp%2Fv2%2Fproduct_tag&post=3410"}],"curies":[{"name":"wp","href":"https:\/\/api.w.org\/{rel}","templated":true}]}}