{"id":3416,"date":"2025-12-09T13:52:52","date_gmt":"2025-12-09T13:52:52","guid":{"rendered":"https:\/\/www.alfadu-amusement.com\/?post_type=product&#038;p=3416"},"modified":"2025-12-09T13:54:31","modified_gmt":"2025-12-09T13:54:31","slug":"saut-du-kangourou","status":"publish","type":"product","link":"https:\/\/www.alfadu-amusement.com\/?product=saut-du-kangourou&lang=fr","title":{"rendered":"Saut du kangourou"},"content":{"rendered":"<table class=\"table table-bordered table-hover\">\n<tbody>\n<tr>\n<td><strong>Diam\u00e8tre\u00a0<\/strong><\/td>\n<td>13m<\/td>\n<\/tr>\n<tr>\n<td><strong>Hauteur<\/strong><\/td>\n<td>5m<\/td>\n<\/tr>\n<tr>\n<td><strong>Puissance<\/strong><\/td>\n<td>40KW<\/td>\n<\/tr>\n<tr>\n<td><strong>Capacit\u00e9<\/strong><\/td>\n<td>24<\/td>\n<\/tr>\n<\/tbody>\n<\/table>\n","protected":false},"excerpt":{"rendered":"<p>Le <strong data-start=\"3\" data-end=\"24\">saut du kangourou<\/strong> est un nouveau type d\u2019attraction de loisirs \u00e0 rebond. Le si\u00e8ge est con\u00e7u dans l\u2019abdomen du kangourou. Lorsque l\u2019\u00e9quipement d\u00e9marre, le kangourou saute de haut en bas tout en tournant autour du centre. Les visiteurs ont l\u2019impression de monter un kangourou courant dans une vaste prairie. C\u2019est une exp\u00e9rience tr\u00e8s amusante, stimulante et qui permet de se divertir tout en \u00e9largissant ses horizons.<\/p>\n","protected":false},"featured_media":3412,"template":"","meta":[],"product_brand":[],"product_cat":[240,294,248,306],"product_tag":[],"class_list":{"0":"post-3416","1":"product","2":"type-product","3":"status-publish","4":"has-post-thumbnail","6":"product_cat-manege-familial","7":"product_cat-manege-pour-enfants","8":"product_cat-manege-tournant","9":"product_cat-maneges-de-rotation-pour-enfants","11":"first","12":"instock","13":"shipping-taxable","14":"product-type-simple"},"_links":{"self":[{"href":"https:\/\/www.alfadu-amusement.com\/index.php?rest_route=\/wp\/v2\/product\/3416","targetHints":{"allow":["GET"]}}],"collection":[{"href":"https:\/\/www.alfadu-amusement.com\/index.php?rest_route=\/wp\/v2\/product"}],"about":[{"href":"https:\/\/www.alfadu-amusement.com\/index.php?rest_route=\/wp\/v2\/types\/product"}],"wp:featuredmedia":[{"embeddable":true,"href":"https:\/\/www.alfadu-amusement.com\/index.php?rest_route=\/wp\/v2\/media\/3412"}],"wp:attachment":[{"href":"https:\/\/www.alfadu-amusement.com\/index.php?rest_route=%2Fwp%2Fv2%2Fmedia&parent=3416"}],"wp:term":[{"taxonomy":"product_brand","embeddable":true,"href":"https:\/\/www.alfadu-amusement.com\/index.php?rest_route=%2Fwp%2Fv2%2Fproduct_brand&post=3416"},{"taxonomy":"product_cat","embeddable":true,"href":"https:\/\/www.alfadu-amusement.com\/index.php?rest_route=%2Fwp%2Fv2%2Fproduct_cat&post=3416"},{"taxonomy":"product_tag","embeddable":true,"href":"https:\/\/www.alfadu-amusement.com\/index.php?rest_route=%2Fwp%2Fv2%2Fproduct_tag&post=3416"}],"curies":[{"name":"wp","href":"https:\/\/api.w.org\/{rel}","templated":true}]}}