{"id":3420,"date":"2025-12-09T14:07:35","date_gmt":"2025-12-09T14:07:35","guid":{"rendered":"https:\/\/www.alfadu-amusement.com\/?post_type=product&#038;p=3420"},"modified":"2025-12-09T14:07:35","modified_gmt":"2025-12-09T14:07:35","slug":"avion-canard-b","status":"publish","type":"product","link":"https:\/\/www.alfadu-amusement.com\/?product=avion-canard-b&lang=fr","title":{"rendered":"Avion canard B"},"content":{"rendered":"<table class=\"table table-bordered table-hover\">\n<tbody>\n<tr>\n<td><strong>voltage<\/strong><\/td>\n<td>380V\/50Hz<\/td>\n<\/tr>\n<tr>\n<td><strong>Capacit\u00e9<\/strong><\/td>\n<td>12 people<\/td>\n<\/tr>\n<tr>\n<td><strong>Puissance<\/strong><\/td>\n<td>10KW<\/td>\n<\/tr>\n<tr>\n<td><strong>Hauteur<\/strong><\/td>\n<td>7m<\/td>\n<\/tr>\n<tr>\n<td><strong>Dimension<\/strong><\/td>\n<td>9m diam\u00e8tre<\/td>\n<\/tr>\n<\/tbody>\n<\/table>\n","protected":false},"excerpt":{"rendered":"<p>Le <strong data-start=\"3\" data-end=\"25\">B.Duck\u00a0 Plane <\/strong>\u00a0est une attraction de loisirs tr\u00e8s accrocheuse, inspir\u00e9e d\u2019un th\u00e8me <strong data-start=\"94\" data-end=\"122\">m\u00e9cha de science-fiction<\/strong>, avec au centre un impressionnant m\u00e9cha en forme de <strong data-start=\"175\" data-end=\"185\">B.Duck<\/strong> servant d\u2019\u00e9l\u00e9ment visuel principal. D\u2019une <strong data-start=\"228\" data-end=\"256\">capacit\u00e9 de 12 passagers<\/strong>, il est entour\u00e9 de si\u00e8ges \u00e9l\u00e9gants au design de <strong data-start=\"305\" data-end=\"329\">chasseurs futuristes<\/strong>, qui se d\u00e9placent en synchronisation avec les mouvements dynamiques de l\u2019attraction (rotations et balancements), offrant une exp\u00e9rience immersive et mod\u00e9r\u00e9ment palpitante. Orn\u00e9e de <strong data-start=\"511\" data-end=\"536\">lumi\u00e8res LED color\u00e9es<\/strong> particuli\u00e8rement \u00e9clatantes une fois la nuit tomb\u00e9e, cette attraction allie le charme ludique de B.Duck \u00e0 une esth\u00e9tique m\u00e9cha futuriste, ce qui en fait un choix tr\u00e8s appr\u00e9ci\u00e9 des familles ainsi que des amateurs de science-fiction et de robots dans les parcs d\u2019attractions.<\/p>\n","protected":false},"featured_media":3418,"template":"","meta":[],"product_brand":[],"product_cat":[294,306],"product_tag":[],"class_list":{"0":"post-3420","1":"product","2":"type-product","3":"status-publish","4":"has-post-thumbnail","6":"product_cat-manege-pour-enfants","7":"product_cat-maneges-de-rotation-pour-enfants","9":"first","10":"instock","11":"shipping-taxable","12":"product-type-simple"},"_links":{"self":[{"href":"https:\/\/www.alfadu-amusement.com\/index.php?rest_route=\/wp\/v2\/product\/3420","targetHints":{"allow":["GET"]}}],"collection":[{"href":"https:\/\/www.alfadu-amusement.com\/index.php?rest_route=\/wp\/v2\/product"}],"about":[{"href":"https:\/\/www.alfadu-amusement.com\/index.php?rest_route=\/wp\/v2\/types\/product"}],"wp:featuredmedia":[{"embeddable":true,"href":"https:\/\/www.alfadu-amusement.com\/index.php?rest_route=\/wp\/v2\/media\/3418"}],"wp:attachment":[{"href":"https:\/\/www.alfadu-amusement.com\/index.php?rest_route=%2Fwp%2Fv2%2Fmedia&parent=3420"}],"wp:term":[{"taxonomy":"product_brand","embeddable":true,"href":"https:\/\/www.alfadu-amusement.com\/index.php?rest_route=%2Fwp%2Fv2%2Fproduct_brand&post=3420"},{"taxonomy":"product_cat","embeddable":true,"href":"https:\/\/www.alfadu-amusement.com\/index.php?rest_route=%2Fwp%2Fv2%2Fproduct_cat&post=3420"},{"taxonomy":"product_tag","embeddable":true,"href":"https:\/\/www.alfadu-amusement.com\/index.php?rest_route=%2Fwp%2Fv2%2Fproduct_tag&post=3420"}],"curies":[{"name":"wp","href":"https:\/\/api.w.org\/{rel}","templated":true}]}}