{"id":3425,"date":"2025-12-09T14:17:48","date_gmt":"2025-12-09T14:17:48","guid":{"rendered":"https:\/\/www.alfadu-amusement.com\/?post_type=product&#038;p=3425"},"modified":"2025-12-09T18:49:50","modified_gmt":"2025-12-09T18:49:50","slug":"b-duck-flight-diary-2","status":"publish","type":"product","link":"https:\/\/www.alfadu-amusement.com\/?product=b-duck-flight-diary-2&lang=fr","title":{"rendered":"B.Duck Flight Diary"},"content":{"rendered":"<p>&nbsp;<\/p>\n<table class=\"table table-bordered table-hover\">\n<tbody>\n<tr>\n<td><strong>Voltage<\/strong><\/td>\n<td>AC380V\/220V-50HZ<\/td>\n<\/tr>\n<tr>\n<td><strong>Puissance<\/strong><\/td>\n<td>10KW (Hydraulic)<\/td>\n<\/tr>\n<tr>\n<td><strong>Dimension<\/strong><\/td>\n<td>\u03a67.5M (including fence)<\/td>\n<\/tr>\n<tr>\n<td><strong>Zone de Rotation\u00a0<\/strong><\/td>\n<td>\u03a66M<\/td>\n<\/tr>\n<tr>\n<td><strong>Hauteur total<\/strong><\/td>\n<td>5.5M<\/td>\n<\/tr>\n<tr>\n<td><strong>Vitesse<\/strong><\/td>\n<td>\u22641.3M\/s<\/td>\n<\/tr>\n<tr>\n<td><strong>Poids<\/strong><\/td>\n<td>\u22483T<\/td>\n<\/tr>\n<tr>\n<td><strong>Capacit\u00e9<\/strong><\/td>\n<td>\u00a012 personnes(6 cabines \u00d7 2 personnes)<\/td>\n<\/tr>\n<\/tbody>\n<\/table>\n<p>&nbsp;<\/p>\n","protected":false},"excerpt":{"rendered":"<p data-start=\"0\" data-end=\"353\">Le <strong data-start=\"3\" data-end=\"30\">\u00ab B.Duck Flight Diary \u00bb<\/strong> est une attraction charmante inspir\u00e9e du c\u00e9l\u00e8bre personnage <strong data-start=\"91\" data-end=\"101\">B.Duck<\/strong>. Elle se distingue par un design vivant et color\u00e9, avec de jolies cabines en forme de B.Duck, des dauphins multicolores et d\u2019autres cr\u00e9atures fantaisistes. Au sommet, un ballon \u00e0 air chaud rose dans lequel se trouve B.Duck renforce l\u2019ambiance ludique.<\/p>\n<p data-start=\"355\" data-end=\"882\" data-is-last-node=\"\" data-is-only-node=\"\">Pendant le fonctionnement de l\u2019attraction, les cabines s\u2019\u00e9l\u00e8vent et tournent doucement, offrant une exp\u00e9rience agr\u00e9able et totalement s\u00e9curis\u00e9e pour les enfants. L\u2019ensemble est d\u00e9cor\u00e9 de <strong data-start=\"542\" data-end=\"560\">lumi\u00e8res vives<\/strong> qui la rendent encore plus attrayante, surtout la nuit. Gr\u00e2ce \u00e0 son style cartoon, ses couleurs \u00e9clatantes et son mouvement de levage doux, cette attraction propose une aventure amusante et immersive inspir\u00e9e du voyage a\u00e9rien imaginaire de B.Duck, ce qui en fait un grand succ\u00e8s aupr\u00e8s des jeunes enfants et des familles.<\/p>\n","protected":false},"featured_media":3422,"template":"","meta":[],"product_brand":[],"product_cat":[240,294,248,306],"product_tag":[],"class_list":{"0":"post-3425","1":"product","2":"type-product","3":"status-publish","4":"has-post-thumbnail","6":"product_cat-manege-familial","7":"product_cat-manege-pour-enfants","8":"product_cat-manege-tournant","9":"product_cat-maneges-de-rotation-pour-enfants","11":"first","12":"instock","13":"shipping-taxable","14":"product-type-simple"},"_links":{"self":[{"href":"https:\/\/www.alfadu-amusement.com\/index.php?rest_route=\/wp\/v2\/product\/3425","targetHints":{"allow":["GET"]}}],"collection":[{"href":"https:\/\/www.alfadu-amusement.com\/index.php?rest_route=\/wp\/v2\/product"}],"about":[{"href":"https:\/\/www.alfadu-amusement.com\/index.php?rest_route=\/wp\/v2\/types\/product"}],"wp:featuredmedia":[{"embeddable":true,"href":"https:\/\/www.alfadu-amusement.com\/index.php?rest_route=\/wp\/v2\/media\/3422"}],"wp:attachment":[{"href":"https:\/\/www.alfadu-amusement.com\/index.php?rest_route=%2Fwp%2Fv2%2Fmedia&parent=3425"}],"wp:term":[{"taxonomy":"product_brand","embeddable":true,"href":"https:\/\/www.alfadu-amusement.com\/index.php?rest_route=%2Fwp%2Fv2%2Fproduct_brand&post=3425"},{"taxonomy":"product_cat","embeddable":true,"href":"https:\/\/www.alfadu-amusement.com\/index.php?rest_route=%2Fwp%2Fv2%2Fproduct_cat&post=3425"},{"taxonomy":"product_tag","embeddable":true,"href":"https:\/\/www.alfadu-amusement.com\/index.php?rest_route=%2Fwp%2Fv2%2Fproduct_tag&post=3425"}],"curies":[{"name":"wp","href":"https:\/\/api.w.org\/{rel}","templated":true}]}}