{"id":3429,"date":"2025-12-09T19:01:16","date_gmt":"2025-12-09T19:01:16","guid":{"rendered":"https:\/\/www.alfadu-amusement.com\/?post_type=product&#038;p=3429"},"modified":"2025-12-09T19:01:16","modified_gmt":"2025-12-09T19:01:16","slug":"moto-spatiale","status":"publish","type":"product","link":"https:\/\/www.alfadu-amusement.com\/?product=moto-spatiale&lang=fr","title":{"rendered":"Moto spatiale"},"content":{"rendered":"<p>&nbsp;<\/p>\n<table class=\"table table-bordered table-hover\">\n<tbody>\n<tr>\n<td><strong>Voltage<\/strong><\/td>\n<td>380V\/50Hz<\/td>\n<\/tr>\n<tr>\n<td><strong>Puissance Total<\/strong><\/td>\n<td>22kw<\/td>\n<\/tr>\n<tr>\n<td><strong>Puissance Moteur<\/strong><\/td>\n<td>21kw<\/td>\n<\/tr>\n<tr>\n<td><strong>Capacit\u00e9<\/strong><\/td>\n<td>24 personnes<\/td>\n<\/tr>\n<tr>\n<td><strong>Zone de roulement<\/strong><\/td>\n<td>11m<\/td>\n<\/tr>\n<tr>\n<td><strong>Dimension<\/strong><\/td>\n<td>13m<\/td>\n<\/tr>\n<tr>\n<td><strong>Hauteur<\/strong><\/td>\n<td>4.6m<\/td>\n<\/tr>\n<\/tbody>\n<\/table>\n","protected":false},"excerpt":{"rendered":"<p data-start=\"0\" data-end=\"265\">La <strong data-start=\"3\" data-end=\"23\">Space Motorcycle<\/strong> est une attraction futuriste. Elle se compose d\u2019une sph\u00e8re centrale entour\u00e9e de si\u00e8ges en forme de motos. Sa palette de couleurs rouge, bleu et argent, associ\u00e9e \u00e0 des \u00e9clairages modernes, lui conf\u00e8re une apparence r\u00e9solument science-fiction.<\/p>\n<p data-start=\"267\" data-end=\"575\" data-is-last-node=\"\" data-is-only-node=\"\">Les motos tournent et montent puis descendent, permettant aux passagers de ressentir la force centrifuge et une sensation d\u2019apesanteur, comme lors d\u2019un voyage dans l\u2019espace. C\u2019est une combinaison de visuels spectaculaires et de mouvements excitants, qui en fait une attraction amusante et appr\u00e9ci\u00e9e par tous.<\/p>\n","protected":false},"featured_media":3427,"template":"","meta":[],"product_brand":[],"product_cat":[200,240,248,113],"product_tag":[],"class_list":{"0":"post-3429","1":"product","2":"type-product","3":"status-publish","4":"has-post-thumbnail","6":"product_cat-manege-a-sensation","7":"product_cat-manege-familial","8":"product_cat-manege-tournant","9":"product_cat-maneges-pour-adultes","11":"first","12":"instock","13":"shipping-taxable","14":"product-type-simple"},"_links":{"self":[{"href":"https:\/\/www.alfadu-amusement.com\/index.php?rest_route=\/wp\/v2\/product\/3429","targetHints":{"allow":["GET"]}}],"collection":[{"href":"https:\/\/www.alfadu-amusement.com\/index.php?rest_route=\/wp\/v2\/product"}],"about":[{"href":"https:\/\/www.alfadu-amusement.com\/index.php?rest_route=\/wp\/v2\/types\/product"}],"wp:featuredmedia":[{"embeddable":true,"href":"https:\/\/www.alfadu-amusement.com\/index.php?rest_route=\/wp\/v2\/media\/3427"}],"wp:attachment":[{"href":"https:\/\/www.alfadu-amusement.com\/index.php?rest_route=%2Fwp%2Fv2%2Fmedia&parent=3429"}],"wp:term":[{"taxonomy":"product_brand","embeddable":true,"href":"https:\/\/www.alfadu-amusement.com\/index.php?rest_route=%2Fwp%2Fv2%2Fproduct_brand&post=3429"},{"taxonomy":"product_cat","embeddable":true,"href":"https:\/\/www.alfadu-amusement.com\/index.php?rest_route=%2Fwp%2Fv2%2Fproduct_cat&post=3429"},{"taxonomy":"product_tag","embeddable":true,"href":"https:\/\/www.alfadu-amusement.com\/index.php?rest_route=%2Fwp%2Fv2%2Fproduct_tag&post=3429"}],"curies":[{"name":"wp","href":"https:\/\/api.w.org\/{rel}","templated":true}]}}