{"id":3439,"date":"2025-12-09T19:17:25","date_gmt":"2025-12-09T19:17:25","guid":{"rendered":"https:\/\/www.alfadu-amusement.com\/?post_type=product&#038;p=3439"},"modified":"2025-12-09T19:34:44","modified_gmt":"2025-12-09T19:34:44","slug":"flying-elephants","status":"publish","type":"product","link":"https:\/\/www.alfadu-amusement.com\/?product=flying-elephants&lang=fr","title":{"rendered":"Flying Elephants"},"content":{"rendered":"<table class=\"table table-bordered table-hover\">\n<tbody>\n<tr>\n<td><strong>Puissance<\/strong><\/td>\n<td>\u00a0380 v 50 Hz 11 kw<\/td>\n<\/tr>\n<tr>\n<td><strong>Diam\u00e8tre<\/strong><\/td>\n<td>11 m<\/td>\n<\/tr>\n<tr>\n<td><strong>Hauteur<\/strong><\/td>\n<td>7.3 m<\/td>\n<\/tr>\n<tr>\n<td><strong>Capacit\u00e9<\/strong><\/td>\n<td>16 personnes<\/td>\n<\/tr>\n<\/tbody>\n<\/table>\n","protected":false},"excerpt":{"rendered":"<p data-start=\"0\" data-end=\"370\">Le <strong data-start=\"3\" data-end=\"46\">Self-Controlled Divine Flying Elephants<\/strong> est une attraction de loisirs pleine de charme. Elle pr\u00e9sente un design sur le th\u00e8me des <strong data-start=\"136\" data-end=\"149\">\u00e9l\u00e9phants<\/strong>, avec plusieurs nacelles soigneusement con\u00e7ues en forme de jolis \u00e9l\u00e9phants color\u00e9s. Les passagers peuvent <strong data-start=\"256\" data-end=\"290\">contr\u00f4ler eux-m\u00eames la hauteur<\/strong> de leur \u00e9l\u00e9phant, ce qui ajoute un aspect interactif et ludique \u00e0 l\u2019exp\u00e9rience.<\/p>\n<p data-start=\"372\" data-end=\"808\" data-is-last-node=\"\" data-is-only-node=\"\">La structure centrale est d\u00e9cor\u00e9e de motifs d\u00e9taill\u00e9s et surmont\u00e9e d\u2019un \u00e9l\u00e9ment rappelant un <strong data-start=\"465\" data-end=\"487\">ballon \u00e0 air chaud<\/strong>, renfor\u00e7ant l\u2019atmosph\u00e8re f\u00e9erique. Pendant la rotation de l\u2019attraction, les \u00e9l\u00e9phants semblent voler autour du centre, cr\u00e9ant une exp\u00e9rience immersive et joyeuse. Cette attraction pla\u00eet particuli\u00e8rement aux enfants, qui appr\u00e9cient \u00e0 la fois le plaisir du mouvement et la libert\u00e9 de contr\u00f4le offerte par ce man\u00e8ge unique.<\/p>\n","protected":false},"featured_media":3436,"template":"","meta":[],"product_brand":[],"product_cat":[240,294,248,306],"product_tag":[],"class_list":{"0":"post-3439","1":"product","2":"type-product","3":"status-publish","4":"has-post-thumbnail","6":"product_cat-manege-familial","7":"product_cat-manege-pour-enfants","8":"product_cat-manege-tournant","9":"product_cat-maneges-de-rotation-pour-enfants","11":"first","12":"instock","13":"shipping-taxable","14":"product-type-simple"},"_links":{"self":[{"href":"https:\/\/www.alfadu-amusement.com\/index.php?rest_route=\/wp\/v2\/product\/3439","targetHints":{"allow":["GET"]}}],"collection":[{"href":"https:\/\/www.alfadu-amusement.com\/index.php?rest_route=\/wp\/v2\/product"}],"about":[{"href":"https:\/\/www.alfadu-amusement.com\/index.php?rest_route=\/wp\/v2\/types\/product"}],"wp:featuredmedia":[{"embeddable":true,"href":"https:\/\/www.alfadu-amusement.com\/index.php?rest_route=\/wp\/v2\/media\/3436"}],"wp:attachment":[{"href":"https:\/\/www.alfadu-amusement.com\/index.php?rest_route=%2Fwp%2Fv2%2Fmedia&parent=3439"}],"wp:term":[{"taxonomy":"product_brand","embeddable":true,"href":"https:\/\/www.alfadu-amusement.com\/index.php?rest_route=%2Fwp%2Fv2%2Fproduct_brand&post=3439"},{"taxonomy":"product_cat","embeddable":true,"href":"https:\/\/www.alfadu-amusement.com\/index.php?rest_route=%2Fwp%2Fv2%2Fproduct_cat&post=3439"},{"taxonomy":"product_tag","embeddable":true,"href":"https:\/\/www.alfadu-amusement.com\/index.php?rest_route=%2Fwp%2Fv2%2Fproduct_tag&post=3439"}],"curies":[{"name":"wp","href":"https:\/\/api.w.org\/{rel}","templated":true}]}}