{"id":3461,"date":"2025-12-09T23:31:09","date_gmt":"2025-12-09T23:31:09","guid":{"rendered":"https:\/\/www.alfadu-amusement.com\/?post_type=product&#038;p=3461"},"modified":"2025-12-09T23:31:09","modified_gmt":"2025-12-09T23:31:09","slug":"drifting-pirate-ship-2","status":"publish","type":"product","link":"https:\/\/www.alfadu-amusement.com\/?product=drifting-pirate-ship-2&lang=fr","title":{"rendered":"Drifting Pirate Ship"},"content":{"rendered":"<blockquote>\n<table class=\"table table-bordered table-hover\">\n<tbody>\n<tr>\n<td><strong>Zone de roulement\u00a0<\/strong><\/td>\n<td>8.7m x 3.4m<\/td>\n<\/tr>\n<tr>\n<td><strong>Hauteur\u00a0<\/strong><\/td>\n<td>3.4m<\/td>\n<\/tr>\n<tr>\n<td><strong>Dimension\u00a0<\/strong><\/td>\n<td>11m x 6m<\/td>\n<\/tr>\n<tr>\n<td><strong>Puissance\u00a0<\/strong><\/td>\n<td>6.5kw<\/td>\n<\/tr>\n<tr>\n<td><strong>Capacit\u00e9\u00a0<\/strong><\/td>\n<td>16 personnes<\/td>\n<\/tr>\n<\/tbody>\n<\/table>\n<\/blockquote>\n","protected":false},"excerpt":{"rendered":"<p>Le bateau pirate est compos\u00e9 d\u2019une piste rectangulaire install\u00e9e au sol et d\u2019un bateau pirate antique qui glisse le long de cette piste. Le cockpit du bateau pirate pr\u00e9sente un design original, avec des \u00e9claboussures d\u2019eau imitant les vagues de mani\u00e8re r\u00e9aliste, donnant l\u2019impression d\u2019\u00eatre en pleine mer. Le cockpit du bateau pirate antique est richement d\u00e9taill\u00e9, aux couleurs vives, avec une allure imposante et des jeux de lumi\u00e8res magnifiques, surtout la nuit.<\/p>\n","protected":false},"featured_media":3459,"template":"","meta":[],"product_brand":[],"product_cat":[198,240,248,113],"product_tag":[],"class_list":{"0":"post-3461","1":"product","2":"type-product","3":"status-publish","4":"has-post-thumbnail","6":"product_cat-bateau-pirate","7":"product_cat-manege-familial","8":"product_cat-manege-tournant","9":"product_cat-maneges-pour-adultes","11":"first","12":"instock","13":"shipping-taxable","14":"product-type-simple"},"_links":{"self":[{"href":"https:\/\/www.alfadu-amusement.com\/index.php?rest_route=\/wp\/v2\/product\/3461","targetHints":{"allow":["GET"]}}],"collection":[{"href":"https:\/\/www.alfadu-amusement.com\/index.php?rest_route=\/wp\/v2\/product"}],"about":[{"href":"https:\/\/www.alfadu-amusement.com\/index.php?rest_route=\/wp\/v2\/types\/product"}],"wp:featuredmedia":[{"embeddable":true,"href":"https:\/\/www.alfadu-amusement.com\/index.php?rest_route=\/wp\/v2\/media\/3459"}],"wp:attachment":[{"href":"https:\/\/www.alfadu-amusement.com\/index.php?rest_route=%2Fwp%2Fv2%2Fmedia&parent=3461"}],"wp:term":[{"taxonomy":"product_brand","embeddable":true,"href":"https:\/\/www.alfadu-amusement.com\/index.php?rest_route=%2Fwp%2Fv2%2Fproduct_brand&post=3461"},{"taxonomy":"product_cat","embeddable":true,"href":"https:\/\/www.alfadu-amusement.com\/index.php?rest_route=%2Fwp%2Fv2%2Fproduct_cat&post=3461"},{"taxonomy":"product_tag","embeddable":true,"href":"https:\/\/www.alfadu-amusement.com\/index.php?rest_route=%2Fwp%2Fv2%2Fproduct_tag&post=3461"}],"curies":[{"name":"wp","href":"https:\/\/api.w.org\/{rel}","templated":true}]}}