{"id":3505,"date":"2025-12-12T19:28:36","date_gmt":"2025-12-12T19:28:36","guid":{"rendered":"https:\/\/www.alfadu-amusement.com\/?post_type=product&#038;p=3505"},"modified":"2025-12-12T19:29:07","modified_gmt":"2025-12-12T19:29:07","slug":"deer-playground-2","status":"publish","type":"product","link":"https:\/\/www.alfadu-amusement.com\/?product=deer-playground-2&lang=fr","title":{"rendered":"Deer Playground"},"content":{"rendered":"<p>e concepteur a imagin\u00e9 un univers inspir\u00e9 de la for\u00eat, du ciel \u00e9toil\u00e9, de la nature sauvage et de l\u2019oc\u00e9an, tissant ces th\u00e8mes dans une s\u00e9rie d\u2019histoires captivantes. Son ambition : cr\u00e9er une nouvelle g\u00e9n\u00e9ration d\u2019h\u00f4tels parent-enfant, un v\u00e9ritable havre de bonheur pour les familles, et b\u00e2tir une ville enti\u00e8rement pens\u00e9e pour les enfants.<br data-start=\"421\" data-end=\"424\" \/>Cette vision s\u2019accorde parfaitement avec celle du Alfadu <em data-start=\"474\" data-end=\"489\" data-is-only-node=\"\">Groupe <\/em>. Sp\u00e9cialiste des espaces \u201cchild-friendly\u201d, le groupe \u0153uvre depuis toujours pour le bien-\u00eatre des plus jeunes, en cr\u00e9ant des environnements de jeu s\u00fbrs, sains et inspirants pour les enfants du monde entier<\/p>\n","protected":false},"excerpt":{"rendered":"<p><strong>Projet du paradis pour enfants de l\u2019h\u00f4tel Deer 5 \u00e9toiles \u2013 900 m\u00b2<\/strong><\/p>\n","protected":false},"featured_media":3498,"template":"","meta":[],"product_brand":[],"product_cat":[381],"product_tag":[],"class_list":{"0":"post-3505","1":"product","2":"type-product","3":"status-publish","4":"has-post-thumbnail","6":"product_cat-aire-de-jeux-et-trampolines","8":"first","9":"instock","10":"shipping-taxable","11":"product-type-simple"},"_links":{"self":[{"href":"https:\/\/www.alfadu-amusement.com\/index.php?rest_route=\/wp\/v2\/product\/3505","targetHints":{"allow":["GET"]}}],"collection":[{"href":"https:\/\/www.alfadu-amusement.com\/index.php?rest_route=\/wp\/v2\/product"}],"about":[{"href":"https:\/\/www.alfadu-amusement.com\/index.php?rest_route=\/wp\/v2\/types\/product"}],"wp:featuredmedia":[{"embeddable":true,"href":"https:\/\/www.alfadu-amusement.com\/index.php?rest_route=\/wp\/v2\/media\/3498"}],"wp:attachment":[{"href":"https:\/\/www.alfadu-amusement.com\/index.php?rest_route=%2Fwp%2Fv2%2Fmedia&parent=3505"}],"wp:term":[{"taxonomy":"product_brand","embeddable":true,"href":"https:\/\/www.alfadu-amusement.com\/index.php?rest_route=%2Fwp%2Fv2%2Fproduct_brand&post=3505"},{"taxonomy":"product_cat","embeddable":true,"href":"https:\/\/www.alfadu-amusement.com\/index.php?rest_route=%2Fwp%2Fv2%2Fproduct_cat&post=3505"},{"taxonomy":"product_tag","embeddable":true,"href":"https:\/\/www.alfadu-amusement.com\/index.php?rest_route=%2Fwp%2Fv2%2Fproduct_tag&post=3505"}],"curies":[{"name":"wp","href":"https:\/\/api.w.org\/{rel}","templated":true}]}}